{"id":3565,"date":"2026-01-12T12:31:27","date_gmt":"2026-01-12T10:31:27","guid":{"rendered":"https:\/\/www.caferama.gr\/product\/maxi-chartino-trapezomantilo-lefko-100x100ek-150tmch\/"},"modified":"2026-01-13T14:39:10","modified_gmt":"2026-01-13T12:39:10","slug":"maxi-chartino-trapezomantilo-lefko-100x100ek-150tmch","status":"publish","type":"product","link":"https:\/\/www.caferama.gr\/en\/product\/maxi-chartino-trapezomantilo-lefko-100x100ek-150tmch\/","title":{"rendered":"Maxi White Paper Tablecloth 100\u00d7100 cm (150 pcs)"},"content":{"rendered":"<p data-start=\"53\" data-end=\"315\"><strong data-start=\"53\" data-end=\"99\">The Maxi white paper tablecloth 100\u00d7100 cm<\/strong> is an ideal solution for professional catering environments such as restaurants, caf\u00e9s, taverns, catering services and events. It offers a clean and elegant appearance while effectively protecting the table surface. Made from high-quality, durable paper, it is practical, hygienic and easy to replace, helping to save both time and cleaning costs.<\/p>\n<p data-start=\"450\" data-end=\"547\" data-is-last-node=\"\" data-is-only-node=\"\">The pack of <strong data-start=\"462\" data-end=\"476\">150 pieces<\/strong> makes it perfect for high-demand venues and everyday professional use.<\/p>\n","protected":false},"excerpt":{"rendered":"<p>The Maxi white paper tablecloth 100\u00d7100 cm is an ideal solution for professional catering environments such as restaurants, caf\u00e9s, taverns, catering services and events. It &#8230; <\/p>\n<p class=\"read-more-container\"><a title=\"Maxi White Paper Tablecloth 100\u00d7100 cm (150 pcs)\" class=\"read-more button\" href=\"https:\/\/www.caferama.gr\/en\/product\/maxi-chartino-trapezomantilo-lefko-100x100ek-150tmch\/#more-3565\" aria-label=\"Read more about Maxi White Paper Tablecloth 100\u00d7100 cm (150 pcs)\">MORE<\/a><\/p>\n","protected":false},"featured_media":3566,"template":"","meta":{"_acf_changed":false},"product_brand":[],"product_cat":[508],"product_tag":[],"class_list":{"0":"post-3565","1":"product","2":"type-product","3":"status-publish","4":"has-post-thumbnail","6":"product_cat-trapezomantila-estiatoriou","7":"sales-flash-overlay","8":"woocommerce-text-align-center","9":"woocommerce-image-align-center","10":"do-quantity-buttons","12":"first","13":"instock","14":"taxable","15":"shipping-taxable","16":"purchasable","17":"product-type-simple"},"acf":[],"yoast_head":"<!-- This site is optimized with the Yoast SEO plugin v26.9 - https:\/\/yoast.com\/product\/yoast-seo-wordpress\/ -->\n<title>Maxi White Paper Tablecloth 100\u00d7100 cm (150 pcs) - CAFERAMA<\/title>\n<meta name=\"robots\" content=\"index, follow, max-snippet:-1, max-image-preview:large, max-video-preview:-1\" \/>\n<link rel=\"canonical\" href=\"https:\/\/www.caferama.gr\/en\/product\/maxi-chartino-trapezomantilo-lefko-100x100ek-150tmch\/\" \/>\n<meta property=\"og:locale\" content=\"en_US\" \/>\n<meta property=\"og:type\" content=\"article\" \/>\n<meta property=\"og:title\" content=\"Maxi White Paper Tablecloth 100\u00d7100 cm (150 pcs) - CAFERAMA\" \/>\n<meta property=\"og:description\" content=\"The Maxi white paper tablecloth 100\u00d7100 cm is an ideal solution for professional catering environments such as restaurants, caf\u00e9s, taverns, catering services and events. It ... MORE\" \/>\n<meta property=\"og:url\" content=\"https:\/\/www.caferama.gr\/en\/product\/maxi-chartino-trapezomantilo-lefko-100x100ek-150tmch\/\" \/>\n<meta property=\"og:site_name\" content=\"CAFERAMA\" \/>\n<meta property=\"article:modified_time\" content=\"2026-01-13T12:39:10+00:00\" \/>\n<meta property=\"og:image\" content=\"https:\/\/www.caferama.gr\/wp-content\/uploads\/2026\/01\/\u03bb\u03b5\u03c5\u03ba\u03bf.jpg\" \/>\n\t<meta property=\"og:image:width\" content=\"600\" \/>\n\t<meta property=\"og:image:height\" content=\"600\" \/>\n\t<meta property=\"og:image:type\" content=\"image\/jpeg\" \/>\n<meta name=\"twitter:card\" content=\"summary_large_image\" \/>\n<meta name=\"twitter:label1\" content=\"Est. reading time\" \/>\n\t<meta name=\"twitter:data1\" content=\"1 minute\" \/>\n<script type=\"application\/ld+json\" class=\"yoast-schema-graph\">{\"@context\":\"https:\/\/schema.org\",\"@graph\":[{\"@type\":\"WebPage\",\"@id\":\"https:\/\/www.caferama.gr\/en\/product\/maxi-chartino-trapezomantilo-lefko-100x100ek-150tmch\/\",\"url\":\"https:\/\/www.caferama.gr\/en\/product\/maxi-chartino-trapezomantilo-lefko-100x100ek-150tmch\/\",\"name\":\"Maxi White Paper Tablecloth 100\u00d7100 cm (150 pcs) - CAFERAMA\",\"isPartOf\":{\"@id\":\"https:\/\/www.caferama.gr\/en\/#website\"},\"primaryImageOfPage\":{\"@id\":\"https:\/\/www.caferama.gr\/en\/product\/maxi-chartino-trapezomantilo-lefko-100x100ek-150tmch\/#primaryimage\"},\"image\":{\"@id\":\"https:\/\/www.caferama.gr\/en\/product\/maxi-chartino-trapezomantilo-lefko-100x100ek-150tmch\/#primaryimage\"},\"thumbnailUrl\":\"https:\/\/www.caferama.gr\/wp-content\/uploads\/2026\/01\/\u03bb\u03b5\u03c5\u03ba\u03bf.jpg\",\"datePublished\":\"2026-01-12T10:31:27+00:00\",\"dateModified\":\"2026-01-13T12:39:10+00:00\",\"breadcrumb\":{\"@id\":\"https:\/\/www.caferama.gr\/en\/product\/maxi-chartino-trapezomantilo-lefko-100x100ek-150tmch\/#breadcrumb\"},\"inLanguage\":\"en-US\",\"potentialAction\":[{\"@type\":\"ReadAction\",\"target\":[\"https:\/\/www.caferama.gr\/en\/product\/maxi-chartino-trapezomantilo-lefko-100x100ek-150tmch\/\"]}]},{\"@type\":\"ImageObject\",\"inLanguage\":\"en-US\",\"@id\":\"https:\/\/www.caferama.gr\/en\/product\/maxi-chartino-trapezomantilo-lefko-100x100ek-150tmch\/#primaryimage\",\"url\":\"https:\/\/www.caferama.gr\/wp-content\/uploads\/2026\/01\/\u03bb\u03b5\u03c5\u03ba\u03bf.jpg\",\"contentUrl\":\"https:\/\/www.caferama.gr\/wp-content\/uploads\/2026\/01\/\u03bb\u03b5\u03c5\u03ba\u03bf.jpg\",\"width\":600,\"height\":600},{\"@type\":\"BreadcrumbList\",\"@id\":\"https:\/\/www.caferama.gr\/en\/product\/maxi-chartino-trapezomantilo-lefko-100x100ek-150tmch\/#breadcrumb\",\"itemListElement\":[{\"@type\":\"ListItem\",\"position\":1,\"name\":\"Home\",\"item\":\"https:\/\/www.caferama.gr\/en\/\"},{\"@type\":\"ListItem\",\"position\":2,\"name\":\"Products\",\"item\":\"https:\/\/www.caferama.gr\/en\/products\/\"},{\"@type\":\"ListItem\",\"position\":3,\"name\":\"Maxi White Paper Tablecloth 100\u00d7100 cm (150 pcs)\"}]},{\"@type\":\"WebSite\",\"@id\":\"https:\/\/www.caferama.gr\/en\/#website\",\"url\":\"https:\/\/www.caferama.gr\/en\/\",\"name\":\"CAFERAMA\",\"description\":\"\",\"publisher\":{\"@id\":\"https:\/\/www.caferama.gr\/en\/#organization\"},\"potentialAction\":[{\"@type\":\"SearchAction\",\"target\":{\"@type\":\"EntryPoint\",\"urlTemplate\":\"https:\/\/www.caferama.gr\/en\/?s={search_term_string}\"},\"query-input\":{\"@type\":\"PropertyValueSpecification\",\"valueRequired\":true,\"valueName\":\"search_term_string\"}}],\"inLanguage\":\"en-US\"},{\"@type\":\"Organization\",\"@id\":\"https:\/\/www.caferama.gr\/en\/#organization\",\"name\":\"CAFERAMA\",\"url\":\"https:\/\/www.caferama.gr\/en\/\",\"logo\":{\"@type\":\"ImageObject\",\"inLanguage\":\"en-US\",\"@id\":\"https:\/\/www.caferama.gr\/en\/#\/schema\/logo\/image\/\",\"url\":\"https:\/\/www.caferama.gr\/wp-content\/uploads\/2025\/09\/logo.png\",\"contentUrl\":\"https:\/\/www.caferama.gr\/wp-content\/uploads\/2025\/09\/logo.png\",\"width\":274,\"height\":100,\"caption\":\"CAFERAMA\"},\"image\":{\"@id\":\"https:\/\/www.caferama.gr\/en\/#\/schema\/logo\/image\/\"}}]}<\/script>\n<!-- \/ Yoast SEO plugin. -->","yoast_head_json":{"title":"Maxi White Paper Tablecloth 100\u00d7100 cm (150 pcs) - CAFERAMA","robots":{"index":"index","follow":"follow","max-snippet":"max-snippet:-1","max-image-preview":"max-image-preview:large","max-video-preview":"max-video-preview:-1"},"canonical":"https:\/\/www.caferama.gr\/en\/product\/maxi-chartino-trapezomantilo-lefko-100x100ek-150tmch\/","og_locale":"en_US","og_type":"article","og_title":"Maxi White Paper Tablecloth 100\u00d7100 cm (150 pcs) - CAFERAMA","og_description":"The Maxi white paper tablecloth 100\u00d7100 cm is an ideal solution for professional catering environments such as restaurants, caf\u00e9s, taverns, catering services and events. It ... MORE","og_url":"https:\/\/www.caferama.gr\/en\/product\/maxi-chartino-trapezomantilo-lefko-100x100ek-150tmch\/","og_site_name":"CAFERAMA","article_modified_time":"2026-01-13T12:39:10+00:00","og_image":[{"width":600,"height":600,"url":"https:\/\/www.caferama.gr\/wp-content\/uploads\/2026\/01\/\u03bb\u03b5\u03c5\u03ba\u03bf.jpg","type":"image\/jpeg"}],"twitter_card":"summary_large_image","twitter_misc":{"Est. reading time":"1 minute"},"schema":{"@context":"https:\/\/schema.org","@graph":[{"@type":"WebPage","@id":"https:\/\/www.caferama.gr\/en\/product\/maxi-chartino-trapezomantilo-lefko-100x100ek-150tmch\/","url":"https:\/\/www.caferama.gr\/en\/product\/maxi-chartino-trapezomantilo-lefko-100x100ek-150tmch\/","name":"Maxi White Paper Tablecloth 100\u00d7100 cm (150 pcs) - CAFERAMA","isPartOf":{"@id":"https:\/\/www.caferama.gr\/en\/#website"},"primaryImageOfPage":{"@id":"https:\/\/www.caferama.gr\/en\/product\/maxi-chartino-trapezomantilo-lefko-100x100ek-150tmch\/#primaryimage"},"image":{"@id":"https:\/\/www.caferama.gr\/en\/product\/maxi-chartino-trapezomantilo-lefko-100x100ek-150tmch\/#primaryimage"},"thumbnailUrl":"https:\/\/www.caferama.gr\/wp-content\/uploads\/2026\/01\/\u03bb\u03b5\u03c5\u03ba\u03bf.jpg","datePublished":"2026-01-12T10:31:27+00:00","dateModified":"2026-01-13T12:39:10+00:00","breadcrumb":{"@id":"https:\/\/www.caferama.gr\/en\/product\/maxi-chartino-trapezomantilo-lefko-100x100ek-150tmch\/#breadcrumb"},"inLanguage":"en-US","potentialAction":[{"@type":"ReadAction","target":["https:\/\/www.caferama.gr\/en\/product\/maxi-chartino-trapezomantilo-lefko-100x100ek-150tmch\/"]}]},{"@type":"ImageObject","inLanguage":"en-US","@id":"https:\/\/www.caferama.gr\/en\/product\/maxi-chartino-trapezomantilo-lefko-100x100ek-150tmch\/#primaryimage","url":"https:\/\/www.caferama.gr\/wp-content\/uploads\/2026\/01\/\u03bb\u03b5\u03c5\u03ba\u03bf.jpg","contentUrl":"https:\/\/www.caferama.gr\/wp-content\/uploads\/2026\/01\/\u03bb\u03b5\u03c5\u03ba\u03bf.jpg","width":600,"height":600},{"@type":"BreadcrumbList","@id":"https:\/\/www.caferama.gr\/en\/product\/maxi-chartino-trapezomantilo-lefko-100x100ek-150tmch\/#breadcrumb","itemListElement":[{"@type":"ListItem","position":1,"name":"Home","item":"https:\/\/www.caferama.gr\/en\/"},{"@type":"ListItem","position":2,"name":"Products","item":"https:\/\/www.caferama.gr\/en\/products\/"},{"@type":"ListItem","position":3,"name":"Maxi White Paper Tablecloth 100\u00d7100 cm (150 pcs)"}]},{"@type":"WebSite","@id":"https:\/\/www.caferama.gr\/en\/#website","url":"https:\/\/www.caferama.gr\/en\/","name":"CAFERAMA","description":"","publisher":{"@id":"https:\/\/www.caferama.gr\/en\/#organization"},"potentialAction":[{"@type":"SearchAction","target":{"@type":"EntryPoint","urlTemplate":"https:\/\/www.caferama.gr\/en\/?s={search_term_string}"},"query-input":{"@type":"PropertyValueSpecification","valueRequired":true,"valueName":"search_term_string"}}],"inLanguage":"en-US"},{"@type":"Organization","@id":"https:\/\/www.caferama.gr\/en\/#organization","name":"CAFERAMA","url":"https:\/\/www.caferama.gr\/en\/","logo":{"@type":"ImageObject","inLanguage":"en-US","@id":"https:\/\/www.caferama.gr\/en\/#\/schema\/logo\/image\/","url":"https:\/\/www.caferama.gr\/wp-content\/uploads\/2025\/09\/logo.png","contentUrl":"https:\/\/www.caferama.gr\/wp-content\/uploads\/2025\/09\/logo.png","width":274,"height":100,"caption":"CAFERAMA"},"image":{"@id":"https:\/\/www.caferama.gr\/en\/#\/schema\/logo\/image\/"}}]}},"_links":{"self":[{"href":"https:\/\/www.caferama.gr\/en\/wp-json\/wp\/v2\/product\/3565","targetHints":{"allow":["GET"]}}],"collection":[{"href":"https:\/\/www.caferama.gr\/en\/wp-json\/wp\/v2\/product"}],"about":[{"href":"https:\/\/www.caferama.gr\/en\/wp-json\/wp\/v2\/types\/product"}],"wp:featuredmedia":[{"embeddable":true,"href":"https:\/\/www.caferama.gr\/en\/wp-json\/wp\/v2\/media\/3566"}],"wp:attachment":[{"href":"https:\/\/www.caferama.gr\/en\/wp-json\/wp\/v2\/media?parent=3565"}],"wp:term":[{"taxonomy":"product_brand","embeddable":true,"href":"https:\/\/www.caferama.gr\/en\/wp-json\/wp\/v2\/product_brand?post=3565"},{"taxonomy":"product_cat","embeddable":true,"href":"https:\/\/www.caferama.gr\/en\/wp-json\/wp\/v2\/product_cat?post=3565"},{"taxonomy":"product_tag","embeddable":true,"href":"https:\/\/www.caferama.gr\/en\/wp-json\/wp\/v2\/product_tag?post=3565"}],"curies":[{"name":"wp","href":"https:\/\/api.w.org\/{rel}","templated":true}]}}